{"id":484,"date":"2023-09-25T09:23:30","date_gmt":"2023-09-25T07:23:30","guid":{"rendered":"http:\/\/2023.afrikamera.de\/?page_id=484"},"modified":"2025-10-20T21:58:00","modified_gmt":"2025-10-20T19:58:00","slug":"networking-discussion","status":"publish","type":"page","link":"https:\/\/www.afrikamera.de\/en\/networking-discussion\/","title":{"rendered":"NETWORKING\/ DISCUSSION"},"content":{"rendered":"\n<h2 class=\"wp-block-heading\">NETWORKING\/ DISCUSSION<\/h2>\n\n\n\n<div style=\"height:25px\" aria-hidden=\"true\" class=\"wp-block-spacer\"><\/div>\n\n\n\n<div class=\"wp-block-columns is-layout-flex wp-container-core-columns-is-layout-9d6595d7 wp-block-columns-is-layout-flex\">\n<div class=\"wp-block-column is-layout-flow wp-block-column-is-layout-flow\" style=\"flex-basis:66.66%\">\n<p><strong>AFRIKAMERA has always seen itself as a place for networking and the exchange of know-how between filmmakers, producers, distributors and festival organizers as well as non-governmental organizations from the fields of education and knowledge transfer and development cooperation &#8211; from Germany, the African diaspora and African countries.<\/strong><\/p>\n\n\n\n<div style=\"height:51px\" aria-hidden=\"true\" class=\"wp-block-spacer\"><\/div>\n\n\n\n\t\t<div class=\"wp-block-getwid-recent-posts has-layout-list has-cropped-images\">\n\t\t\t<div class=\"wp-block-getwid-recent-posts__wrapper\">\n\t\t\t\t\n<article id=\"post-3851\" class=\"wp-block-getwid-recent-posts__post\">\n    <div class=\"wp-block-getwid-recent-posts__post-wrapper\">\n                            <div class=\"wp-block-getwid-recent-posts__content-wrapper\">\n                                    <header class=\"wp-block-getwid-recent-posts__entry-header\">\n                                                    <h3 class=\"wp-block-getwid-recent-posts__post-title\"><a href=\"https:\/\/www.afrikamera.de\/en\/projects\/spotlight-on-windhoek\/\">SPOTLIGHT ON WINDHOEK<\/a><\/h3>                                                                    <\/header>\n                                <div class=\"wp-block-getwid-recent-posts__post-content\">MI 19 NOV 17:00 \u2013 22:00 SINEMA TRANSTOPIA | anschlie\u00dfend DJ-Set | Im Rahmen des Jubil\u00e4umsprogramms \u201e25 Jahre St\u00e4dtepartnerschaft Windhoek \u2013 Berlin\u201c\u00a0pr\u00e4sentiert AFRIKAMERA ein umfassendes Programm im Sinema Transtopia.<\/div>\n                \n                            <\/div>\n            <\/div>\n<\/article>\n\n<article id=\"post-4242\" class=\"wp-block-getwid-recent-posts__post\">\n    <div class=\"wp-block-getwid-recent-posts__post-wrapper\">\n                            <div class=\"wp-block-getwid-recent-posts__content-wrapper\">\n                                    <header class=\"wp-block-getwid-recent-posts__entry-header\">\n                                                    <h3 class=\"wp-block-getwid-recent-posts__post-title\"><a href=\"https:\/\/www.afrikamera.de\/en\/projects\/afrikamera-2025-workshop\/\">AFRIKAMERA 2025: WORKSHOP<\/a><\/h3>                                                                    <\/header>\n                                <div class=\"wp-block-getwid-recent-posts__post-content\">DO 13 NOV 2025, 14:00-17:00, HEINRICH-B\u00d6LL-STIFTUNG | Repr\u00e4sentation trifft Ressourcen: Die Kraft der Selbstbestimmung | Praktische Strategien f\u00fcr Finanzierung und authentisches Storytelling in Film und Kunst \u2013 ein Meinungsaustausch | Ein Workshop f\u00fcr weibliche und queere Filmschaffende in Kooperation mit ProQuote Film und Schwarze Filmschaffende e.V.<\/div>\n                \n                            <\/div>\n            <\/div>\n<\/article>\n\n<article id=\"post-2818\" class=\"wp-block-getwid-recent-posts__post\">\n    <div class=\"wp-block-getwid-recent-posts__post-wrapper\">\n                            <div class=\"wp-block-getwid-recent-posts__content-wrapper\">\n                                    <header class=\"wp-block-getwid-recent-posts__entry-header\">\n                                                    <h3 class=\"wp-block-getwid-recent-posts__post-title\"><a href=\"https:\/\/www.afrikamera.de\/en\/projects\/afro-futures-forum\/\">AFRO FUTURE(S) FORUM<\/a><\/h3>                                                                    <\/header>\n                                <div class=\"wp-block-getwid-recent-posts__post-content\">The AFRO FUTURE(S) FORUM forms part of the 16th edition of AFRIKAMERA, Current Cinema from Africa, which takes place from 14th to 19th of November across Berlin. The 2023 festival presents a selection of cinematic (future) visions from the metropolises of the African continent, ones that imagine a future beyond Western patterns of imagination.<\/div>\n                \n                            <\/div>\n            <\/div>\n<\/article>\n\n<article id=\"post-2831\" class=\"wp-block-getwid-recent-posts__post\">\n    <div class=\"wp-block-getwid-recent-posts__post-wrapper\">\n                            <div class=\"wp-block-getwid-recent-posts__content-wrapper\">\n                                    <header class=\"wp-block-getwid-recent-posts__entry-header\">\n                                                    <h3 class=\"wp-block-getwid-recent-posts__post-title\"><a href=\"https:\/\/www.afrikamera.de\/en\/projekte\/black-jews-beta-israel\/\">BLACK JEWS \u2013 BETA ISRAEL<\/a><\/h3>                                                                    <\/header>\n                                <div class=\"wp-block-getwid-recent-posts__post-content\">The history of the Beta Israel or Falasha, an ethnic-religious group whose members originally came from Ethiopia and who have mostly emigrated to Israel since the late 1970s or were forced to emigrate, is largely unknown in this country.<\/div>\n                \n                            <\/div>\n            <\/div>\n<\/article>\n\n<article id=\"post-496\" class=\"wp-block-getwid-recent-posts__post\">\n    <div class=\"wp-block-getwid-recent-posts__post-wrapper\">\n                            <div class=\"wp-block-getwid-recent-posts__content-wrapper\">\n                                    <header class=\"wp-block-getwid-recent-posts__entry-header\">\n                                                    <h3 class=\"wp-block-getwid-recent-posts__post-title\"><a href=\"https:\/\/www.afrikamera.de\/en\/projects\/afrikamera-2022-dialog-networking\/\">AFRIKAMERA 2022 DIALOGUE &#8211; NETWORKING<\/a><\/h3>                                                                    <\/header>\n                                <div class=\"wp-block-getwid-recent-posts__post-content\">Within the framework of the 15th edition, there were three public discourse formats on the topic of migration and diaspora: 11.11.22, A2 (small hall), Arsenal 20.30 Panel: NARRATIVES OF ESCAPE Africans have been second-class refugees throughout Europe during the large refugee movements since 2012. In Berlin, too, they had no access to state support and&hellip;<\/div>\n                \n                            <\/div>\n            <\/div>\n<\/article>\n\n<article id=\"post-490\" class=\"wp-block-getwid-recent-posts__post\">\n    <div class=\"wp-block-getwid-recent-posts__post-wrapper\">\n                            <div class=\"wp-block-getwid-recent-posts__content-wrapper\">\n                                    <header class=\"wp-block-getwid-recent-posts__entry-header\">\n                                                    <h3 class=\"wp-block-getwid-recent-posts__post-title\"><a href=\"https:\/\/www.afrikamera.de\/en\/projects\/cinema-spaces-network\/\">CINEMA SPACES NETWORK<\/a><\/h3>                                                                    <\/header>\n                                <div class=\"wp-block-getwid-recent-posts__post-content\">Cinema Spaces Network presents: SUPER SOLAR POWERED ACTIONS! Mechanische Arena im Foyer, Humboldt-Forum 10.11.-13.11., t\u00e4glich 12h- 20h Eintritt frei In Kooperation mit AFRIKAMERA pr\u00e4sentiert die Initiative SUNSHINE CINEMA (S\u00fcdafrika) als Teil des Cinema Spaces Network (https:\/\/cinemaspacesnetwork.net) im Festivalzeitraum zwei SUN BOXES in der Mechanischen Arena im gro\u00dfen Foyer, die mit einer Auswahl von Kurzfilmen bespielt&hellip;<\/div>\n                \n                            <\/div>\n            <\/div>\n<\/article>\n\n<article id=\"post-481\" class=\"wp-block-getwid-recent-posts__post\">\n    <div class=\"wp-block-getwid-recent-posts__post-wrapper\">\n                            <div class=\"wp-block-getwid-recent-posts__content-wrapper\">\n                                    <header class=\"wp-block-getwid-recent-posts__entry-header\">\n                                                    <h3 class=\"wp-block-getwid-recent-posts__post-title\"><a href=\"https:\/\/www.afrikamera.de\/en\/projects\/deutsch-burkinische-kulturallianz-im-rahmen-des-fespaco-16-23-10-2021-ouagadougou\/\">German-Burkina Faso cultural alliance within the framework of FESPACO, 16.-23.10.2021, Ouagadougou<\/a><\/h3>                                                                    <\/header>\n                                <div class=\"wp-block-getwid-recent-posts__post-content\">Since 2007, artistic director Alex Moussa Sawadogo and his festival team have regularly enriched the German and Berlin film landscape with AFRIKAMERA &#8211; Current Cinema from Africa with outstanding productions from African countries and the diaspora, working closely with international film initiatives and festivals. In late 2020, the Ministry of Culture of Burkina Faso appointed&hellip;<\/div>\n                \n                            <\/div>\n            <\/div>\n<\/article>\n\n<article id=\"post-501\" class=\"wp-block-getwid-recent-posts__post\">\n    <div class=\"wp-block-getwid-recent-posts__post-wrapper\">\n                            <div class=\"wp-block-getwid-recent-posts__content-wrapper\">\n                                    <header class=\"wp-block-getwid-recent-posts__entry-header\">\n                                                    <h3 class=\"wp-block-getwid-recent-posts__post-title\"><a href=\"https:\/\/www.afrikamera.de\/en\/projects\/afrikamera-2020-dialogue-networking\/\">AFRIKAMERA 2020 DIALOGUE &#8211; NETWORKING<\/a><\/h3>                                                                    <\/header>\n                                <div class=\"wp-block-getwid-recent-posts__post-content\">CINEMA SPACES NETWORK | PRESENTATION | ONLINE IN COOPERATION WITH THE HUMBOLDT FORUM, BERLIN What is cinema in the 21st century? Finding answers to this question is long overdue and has taken on a new urgency in these times of pandemic. The Humboldt Forum, Berlin has invited five experienced initiatives from Africa, to discuss ideas&hellip;<\/div>\n                \n                            <\/div>\n            <\/div>\n<\/article>\n\n<article id=\"post-510\" class=\"wp-block-getwid-recent-posts__post\">\n    <div class=\"wp-block-getwid-recent-posts__post-wrapper\">\n                            <div class=\"wp-block-getwid-recent-posts__content-wrapper\">\n                                    <header class=\"wp-block-getwid-recent-posts__entry-header\">\n                                                    <h3 class=\"wp-block-getwid-recent-posts__post-title\"><a href=\"https:\/\/www.afrikamera.de\/en\/projects\/online-installation-chinafrika-mobile\/\">ONLINE-INSTALLATION CHINAFRIKA.MOBILE<\/a><\/h3>                                                                    <\/header>\n                                <div class=\"wp-block-getwid-recent-posts__post-content\">Installation online17.11. &#8211; 22.11.2020 Cell phones on their way through three continentsDocumentary film by Daniel K\u00f6tter (D) Since 2013, curator and urbanist Jochen Becker and filmmaker and director Daniel K\u00f6tter have been researching the cultural effects of economic and political relations between China and the African continent. From birth in the mines in Kolwezi, Congolese,&hellip;<\/div>\n                \n                            <\/div>\n            <\/div>\n<\/article>\n\n<article id=\"post-517\" class=\"wp-block-getwid-recent-posts__post\">\n    <div class=\"wp-block-getwid-recent-posts__post-wrapper\">\n                            <div class=\"wp-block-getwid-recent-posts__content-wrapper\">\n                                    <header class=\"wp-block-getwid-recent-posts__entry-header\">\n                                                    <h3 class=\"wp-block-getwid-recent-posts__post-title\"><a href=\"https:\/\/www.afrikamera.de\/en\/projects\/afrikamera-2019-dialogue-networking-qualification\/\">AFRIKAMERA 2019 DIALOGUE &#8211; NETWORKING &#8211; QUALIFICATION<\/a><\/h3>                                                                    <\/header>\n                                <div class=\"wp-block-getwid-recent-posts__post-content\">AFRIKAMERA WORKSHOPS (Berlin) Accompanying the film program are a number of workshops for the participating AFRIKAMERA directors and for interested professionals from all areas of the film industry. In addition to Alex Moussa Sawadogo (Artistic Direction AFRIKAMERA &amp; Fund Manager of Jeune Creation Francophone), lecturers include Antje Glawe (World Cinema Fund), Christine Tr\u00f6strum (Berlinale Talents),&hellip;<\/div>\n                \n                            <\/div>\n            <\/div>\n<\/article>\n\n<article id=\"post-519\" class=\"wp-block-getwid-recent-posts__post\">\n    <div class=\"wp-block-getwid-recent-posts__post-wrapper\">\n                            <div class=\"wp-block-getwid-recent-posts__content-wrapper\">\n                                    <header class=\"wp-block-getwid-recent-posts__entry-header\">\n                                                    <h3 class=\"wp-block-getwid-recent-posts__post-title\"><a href=\"https:\/\/www.afrikamera.de\/en\/projects\/afrikamera-2019-residency\/\">AFRIKAMERA 2019 RESIDENCY<\/a><\/h3>                                                                    <\/header>\n                                <div class=\"wp-block-getwid-recent-posts__post-content\">In the course of the twelfth issue of AFRIKAMERA, a month-long AFRIKAMERA RESIDENCY will be offered for the second time &#8211; this year in the area of \u200b\u200bscriptwriting, in cooperation with the Ouaga Film Lab (http:\/\/ouagafilmlab.net). Scholarship is the Togolese filmmaker Jo\u00ebl M&#8217;Maka Tchedre. His script for the feature film project I, RICH, STINGY AND&hellip;<\/div>\n                \n                            <\/div>\n            <\/div>\n<\/article>\n\n<article id=\"post-525\" class=\"wp-block-getwid-recent-posts__post\">\n    <div class=\"wp-block-getwid-recent-posts__post-wrapper\">\n                            <div class=\"wp-block-getwid-recent-posts__content-wrapper\">\n                                    <header class=\"wp-block-getwid-recent-posts__entry-header\">\n                                                    <h3 class=\"wp-block-getwid-recent-posts__post-title\"><a href=\"https:\/\/www.afrikamera.de\/en\/projects\/afrikamera-horn-of-africa-workshops-dschibuti-2018\/\">AFRIKAMERA HORN OF AFRICA &#8211; WORKSHOPS DSCHIBUTI 2018<\/a><\/h3>                                                                    <\/header>\n                                <div class=\"wp-block-getwid-recent-posts__post-content\">In 2018, just after the festival, the AFRIKAMERA team will be a guest at the University of Djibouti. There, over several days AFRIKAMERA WORKSHOPS will take place on the topics of curation, festival management &amp; organization and marketing in collaboration with the Facult\u00e9 des Lettres, Langues et Sciences humaines (FLLSH). In the course of the&hellip;<\/div>\n                \n                            <\/div>\n            <\/div>\n<\/article>\n\t\t\t<\/div>\n\t\t<\/div>\n\t\t<\/div>\n\n\n\n<div class=\"wp-block-column is-layout-flow wp-block-column-is-layout-flow\" style=\"flex-basis:33.33%\"><\/div>\n<\/div>\n\n\n\n<p><\/p>\n","protected":false},"excerpt":{"rendered":"<p>NETWORKING\/ DISCUSSION AFRIKAMERA has always seen itself as a place for networking and the exchange of know-how between filmmakers, producers, distributors and festival organizers as well as non-governmental organizations from the fields of education and knowledge transfer and development cooperation &#8211; from Germany, the African diaspora and African countries.<\/p>\n","protected":false},"author":1,"featured_media":0,"parent":0,"menu_order":0,"comment_status":"closed","ping_status":"closed","template":"","meta":{"_acf_changed":false,"footnotes":""},"class_list":["post-484","page","type-page","status-publish","hentry"],"acf":[],"_links":{"self":[{"href":"https:\/\/www.afrikamera.de\/en\/wp-json\/wp\/v2\/pages\/484","targetHints":{"allow":["GET"]}}],"collection":[{"href":"https:\/\/www.afrikamera.de\/en\/wp-json\/wp\/v2\/pages"}],"about":[{"href":"https:\/\/www.afrikamera.de\/en\/wp-json\/wp\/v2\/types\/page"}],"author":[{"embeddable":true,"href":"https:\/\/www.afrikamera.de\/en\/wp-json\/wp\/v2\/users\/1"}],"replies":[{"embeddable":true,"href":"https:\/\/www.afrikamera.de\/en\/wp-json\/wp\/v2\/comments?post=484"}],"version-history":[{"count":11,"href":"https:\/\/www.afrikamera.de\/en\/wp-json\/wp\/v2\/pages\/484\/revisions"}],"predecessor-version":[{"id":4254,"href":"https:\/\/www.afrikamera.de\/en\/wp-json\/wp\/v2\/pages\/484\/revisions\/4254"}],"wp:attachment":[{"href":"https:\/\/www.afrikamera.de\/en\/wp-json\/wp\/v2\/media?parent=484"}],"curies":[{"name":"wp","href":"https:\/\/api.w.org\/{rel}","templated":true}]}}