{"id":123,"date":"2023-09-20T12:18:27","date_gmt":"2023-09-20T12:18:27","guid":{"rendered":"http:\/\/2023.afrikamera.de\/?page_id=123"},"modified":"2025-10-09T23:58:21","modified_gmt":"2025-10-09T21:58:21","slug":"impressum","status":"publish","type":"page","link":"https:\/\/www.afrikamera.de\/en\/impressum\/","title":{"rendered":"legal notice"},"content":{"rendered":"\n<p>This legal notice was last updated on 10 October 2025<\/p>\n\n\n\n<hr class=\"wp-block-separator has-alpha-channel-opacity\"\/>\n\n\n\n<p>Scope of application:<br>www.afrikamera.de<\/p>\n\n\n\n<hr class=\"wp-block-separator has-alpha-channel-opacity\"\/>\n\n\n\n<p>Organiser:<br>toucouleur e. V.,<br>Donaustr. 6<br>12043 Berlin<br>info@afrikamera.de<br>www.afrikamera.de<\/p>\n\n\n\n<hr class=\"wp-block-separator has-alpha-channel-opacity\"\/>\n\n\n\n<p>Responsible for the content according to \u00a7 55 Abs. 2 RStV:<br>Alex Moussa Sawadogo<\/p>\n\n\n\n<hr class=\"wp-block-separator has-alpha-channel-opacity\"\/>\n\n\n\n<p>Patronage: Dr Uschi Eid<\/p>\n\n\n\n<hr class=\"wp-block-separator has-alpha-channel-opacity\"\/>\n\n\n\n<p>Artistic direction and programme: Alex Moussa Sawadogo<\/p>\n\n\n\n<hr class=\"wp-block-separator has-alpha-channel-opacity\"\/>\n\n\n\n<p>Program concept CHANGE: Uta R\u00fcgner<\/p>\n\n\n\n<hr class=\"wp-block-separator has-alpha-channel-opacity\"\/>\n\n\n\n<p>Concept and curation Spotlight on Windhoek: Uta R\u00fcgner &amp; Florian Wachinger<\/p>\n\n\n\n<hr class=\"wp-block-separator has-alpha-channel-opacity\"\/>\n\n\n\n<p>Co-curation Industry Talk: Ellen Wiesbrock<\/p>\n\n\n\n<hr class=\"wp-block-separator has-alpha-channel-opacity\"\/>\n\n\n\n<p>Texts: Florian Wachinger<\/p>\n\n\n\n<hr class=\"wp-block-separator has-alpha-channel-opacity\"\/>\n\n\n\n<p>Project management and finances: Uta R\u00fcgner<\/p>\n\n\n\n<hr class=\"wp-block-separator has-alpha-channel-opacity\"\/>\n\n\n\n<p>Project coordination: Christiane Dram\u00e9<\/p>\n\n\n\n<hr class=\"wp-block-separator has-alpha-channel-opacity\"\/>\n\n\n\n<p>Programme coordination: Tatjana Scheikert<\/p>\n\n\n\n<hr class=\"wp-block-separator has-alpha-channel-opacity\"\/>\n\n\n\n<p>Production: Carole Lunt, Tim M\u00fcller<\/p>\n\n\n\n<hr class=\"wp-block-separator has-alpha-channel-opacity\"\/>\n\n\n\n<p>Guest services and location management: Emilia Schiffner, R\u00e9ka Komaromi, Frauke Ihle, Smilla R\u00fcgner, Mariama Dram\u00e9, Sarah Sawadogo<\/p>\n\n\n\n<hr class=\"wp-block-separator has-alpha-channel-opacity\"\/>\n\n\n\n<p>PR and communication: Christiane Dram\u00e9, Florian Wachinger<\/p>\n\n\n\n<hr class=\"wp-block-separator has-alpha-channel-opacity\"\/>\n\n\n\n<p>Press relations: Christiane Dram\u00e9<\/p>\n\n\n\n<hr class=\"wp-block-separator has-alpha-channel-opacity\"\/>\n\n\n\n<p>Social media: Anna K. Baur<\/p>\n\n\n\n<hr class=\"wp-block-separator has-alpha-channel-opacity\"\/>\n\n\n\n<p>Web design: Frank Paul &#8211; ants and butterflies<\/p>\n\n\n\n<hr class=\"wp-block-separator has-alpha-channel-opacity\"\/>\n\n\n\n<p>Key Visual &amp; Motion Design: 908video GmbH<\/p>\n\n\n\n<hr class=\"wp-block-separator has-alpha-channel-opacity\"\/>\n\n\n\n<p>Moderation: Toby Ashraf, Brenda Akele Jorde, Rabih El-Khoury<\/p>\n\n\n\n<hr class=\"wp-block-separator has-alpha-channel-opacity\"\/>\n\n\n\n<p>Graphics &amp; Design: Antonia Neubacher<\/p>\n\n\n\n<hr class=\"wp-block-separator has-alpha-channel-opacity\"\/>\n\n\n\n<p>Translations: Christiane Dram\u00e9, Tatjana Scheikert<\/p>\n\n\n\n<hr class=\"wp-block-separator has-alpha-channel-opacity\"\/>\n\n\n\n<p>\u00a9 2025 toucouleur e.V.<\/p>\n\n\n\n<p>\u00a9 for the texts by the authors<\/p>\n\n\n\n<p>\u00a9 for the illustrations by the authors<\/p>\n","protected":false},"excerpt":{"rendered":"<p>This legal notice was last updated on 10 October 2025 Scope of application:www.afrikamera.de Organiser:toucouleur e. V.,Donaustr. 612043 Berlininfo@afrikamera.dewww.afrikamera.de Responsible for the content according to \u00a7 55 Abs. 2 RStV:Alex Moussa Sawadogo Patronage: Dr Uschi Eid Artistic direction and programme: Alex Moussa Sawadogo Program concept CHANGE: Uta R\u00fcgner Concept and curation Spotlight on Windhoek: Uta R\u00fcgner&hellip;<\/p>\n","protected":false},"author":1,"featured_media":0,"parent":0,"menu_order":0,"comment_status":"closed","ping_status":"closed","template":"","meta":{"_acf_changed":false,"footnotes":""},"class_list":["post-123","page","type-page","status-publish","hentry"],"acf":[],"_links":{"self":[{"href":"https:\/\/www.afrikamera.de\/en\/wp-json\/wp\/v2\/pages\/123","targetHints":{"allow":["GET"]}}],"collection":[{"href":"https:\/\/www.afrikamera.de\/en\/wp-json\/wp\/v2\/pages"}],"about":[{"href":"https:\/\/www.afrikamera.de\/en\/wp-json\/wp\/v2\/types\/page"}],"author":[{"embeddable":true,"href":"https:\/\/www.afrikamera.de\/en\/wp-json\/wp\/v2\/users\/1"}],"replies":[{"embeddable":true,"href":"https:\/\/www.afrikamera.de\/en\/wp-json\/wp\/v2\/comments?post=123"}],"version-history":[{"count":14,"href":"https:\/\/www.afrikamera.de\/en\/wp-json\/wp\/v2\/pages\/123\/revisions"}],"predecessor-version":[{"id":4139,"href":"https:\/\/www.afrikamera.de\/en\/wp-json\/wp\/v2\/pages\/123\/revisions\/4139"}],"wp:attachment":[{"href":"https:\/\/www.afrikamera.de\/en\/wp-json\/wp\/v2\/media?parent=123"}],"curies":[{"name":"wp","href":"https:\/\/api.w.org\/{rel}","templated":true}]}}